{"id":237,"date":"2015-04-09T17:53:51","date_gmt":"2015-04-09T17:53:51","guid":{"rendered":"http:\/\/stagingwp.com\/hotelladina\/gastebuch-2\/"},"modified":"2021-02-09T14:29:29","modified_gmt":"2021-02-09T14:29:29","slug":"guestbook","status":"publish","type":"page","link":"https:\/\/hotelladina.ch\/en\/guestbook\/","title":{"rendered":"Guestbook"},"content":{"rendered":"<div class=\"subNav\">\n<ul class=\"clearfix\">\n<li class=\"current-page-item\"><a>Guestbook<\/a><\/li>\n<li><a href=\"https:\/\/hotelladina.ch\/en\/guestbook\/sign-a-guestbook\/\">Sign a guestbook<\/a><\/li>\n<\/ul>\n<\/div>\n<div id=\"guestbook\">\r\n      <div class=\"guestbook-entry\">\r\n    <p class=\"guestTitle\">Reinier van Zelst <\/p>\r\n    <div class=\"guestTxt\">\r\n      <p>Das Hotel ist sehr geschickt fuer eine Pausschalwoche.<\/p>\n<p>Zimmer, Badezimmer und das Bett ist ok., Fruehstuck und Abendessen ist ok.<\/p>\n<p>Empfehlens wert.<\/p>\n<p>Freundlichen Gruesse, Reinier<\/p>\n    <\/div>\r\n    <div class=\"guest-entry-date\"> October 8, 2023 <\/div>\r\n  <\/div>\r\n    <div class=\"guestbook-entry\">\r\n    <p class=\"guestTitle\">M\u00e1ria <\/p>\r\n    <div class=\"guestTxt\">\r\n      <p>We spent three beautiful days at the Ladina Hotel.<br \/>\nThe room and the entire hotel were clean, excellent food and nice staff.<br \/>\nWe thank the manager of the hotel, Mrs. Monika, who willingly provided us with any information.<\/p>\n    <\/div>\r\n    <div class=\"guest-entry-date\"> October 8, 2023 <\/div>\r\n  <\/div>\r\n    <div class=\"guestbook-entry\">\r\n    <p class=\"guestTitle\">Marco Berger <\/p>\r\n    <div class=\"guestTxt\">\r\n      <p>Ich kann das Hotel Ladina nur empfehlen.  Neter Empfang, immer freundliches, hilfsbereites Personal. Sehr gutes Essen und Reichhaltiges Fr\u00fchst\u00fcck. Saubere und Ruhige Zimmer.<br \/>\nIch komme wieder ins Hotel Ladina d\u00fcr mich hat alles super gepasst. <\/p>\n<p>Gruss<br \/>\nMarco Berger<\/p>\n    <\/div>\r\n    <div class=\"guest-entry-date\"> October 8, 2023 <\/div>\r\n  <\/div>\r\n    <div class=\"guestbook-entry\">\r\n    <p class=\"guestTitle\">Joe &amp; Elisabeth Stalder <\/p>\r\n    <div class=\"guestTxt\">\r\n      <p>Sehr freundlicher Empfang durch das Personal, w\u00e4hrschafte Menues und ruhige Zimmer.<br \/>\nV\u00f6llig unkomplizierte, zuvorkommende und famil\u00e4re Bedienung.<\/p>\n    <\/div>\r\n    <div class=\"guest-entry-date\"> October 8, 2023 <\/div>\r\n  <\/div>\r\n    <div class=\"guestbook-entry\">\r\n    <p class=\"guestTitle\">Rolf Wollgarten <\/p>\r\n    <div class=\"guestTxt\">\r\n      <p>Der Aufenthalt w\u00e4hrte vier Tage. Wir hatten das Zimmer 7 und das Zimmer 8, beides Doppelzimmer, das letztere mit einem wunderbar gro\u00dfen Bad. Gro\u00dfartig der Blick auf den Bahnhof und die ankommenden bzw. abfahrenden Z\u00fcge der Rh\u00e4tischen. Kleine kontemplative Momente, die ich f\u00fcr zuk\u00fcnftige Aufenthalte nicht missen m\u00f6chte, enthusiasmiert von der Rh\u00e4tischen insgesamt. Insofern wird der Umstand, da\u00df das Zimmer 8 recht klein ist, der Platz f\u00fcr einen kleinen Tisch als Schreibm\u00f6glichkeit nicht gegeben ist, doch ziemlich zufriedenstellend aufgehoben. Wunderbar die Atmosph\u00e4re des Hotels, der famili\u00e4re, der intime Charakter, vertrauenserweckend, ein Ort der Entschleunigung, also ein Ort fernab von dem, was einer Spiegelung der hektischen und stre\u00dfbeladenen Gro\u00dfst\u00e4dterei entspricht, was nat\u00fcrlich mit der Einstellung und dem Engagement der Gastgeber Familie Hess zu tun hat, hier insbesonders Frau Hess, die Gespr\u00e4che mit ihr waren wohltuend sehr freundlich und erfreulicherweise ohne diese abschreckende gesch\u00e4ftsm\u00e4\u00dfige Geb\u00e4rde anderenorts, daf\u00fcr meinen herzlichen Dank.<br \/>\nDas Fr\u00fchst\u00fccks-B\u00fcfett, das Essen insgesamt von sehr guter Qualit\u00e4t. Dei Preisgestaltung des Essens nat\u00fcrlich unter den beachtenswerten Verh\u00e4ltnissen in der Schweiz, in der Region Graub\u00fcndens. Jene Preisgestaltung gilt ja grunds\u00e4tzlich, f\u00fcr den Graub\u00fcnden-Pa\u00df der Rh\u00e4tischen, usw.<br \/>\nGanz entscheidend f\u00fcr mich ist die Tatsache, da\u00df die Ruhe, nochmals die Ruhe im Hotel vorhanden war, der n\u00e4chtliche Schlaf nicht gest\u00f6rt, nochmals nicht gest\u00f6rt wurde, eingedenk der Gegebenheit des alten Holztreppenhauses. Da\u00df ich das Hotel, so nahe an der Rh\u00e4tischen, so nahe an der Stille der Landschaft, wieder aufsuchen m\u00f6chte, ist recht wahrscheinlich und gut nachvollziehbar, wie gesagt, die Ruhe, die kontemplative M\u00f6glichkeit sind schon entscheidend.<\/p>\n    <\/div>\r\n    <div class=\"guest-entry-date\"> October 8, 2023 <\/div>\r\n  <\/div>\r\n    <div class=\"guestbook-entry\">\r\n    <p class=\"guestTitle\">Br\u00fcckner J\u00fcrgen <\/p>\r\n    <div class=\"guestTxt\">\r\n      <p>Wir waren zu viert im Hotel Ladina es hat uns sehr gut gefallen. Wir kommen gerne wieder<\/p>\n    <\/div>\r\n    <div class=\"guest-entry-date\"> July 22, 2023 <\/div>\r\n  <\/div>\r\n    <div class=\"guestbook-entry\">\r\n    <p class=\"guestTitle\">Bea Pfister <\/p>\r\n    <div class=\"guestTxt\">\r\n      <p>Hatte keine Sorgen mit Zimmer 5 &#8211; konnte mich auch im Eingangsbereich mit vollem Rucksack drehen &#8211; f\u00fcr mich stimmte das Preis-Leistungsverh\u00e4ltnis komplett &#8211; unter 100 Franken f\u00fcr ein Einzelzimmer gibts sonst nur in der Jugendherberge.<br \/>\nDas einzige, was ich schade fand an Zimmer 5 ist, dass sich das Fenster nur kippen, aber nicht \u00f6ffnen liess &#8211; evtl. ist dies beabsichtigt, weil das Nachbarhaus eher nahe liegt.<\/p>\n<p>Ich n\u00e4chtige aber ohne Probleme auch das n\u00e4chste Mal als Alleinreisende gerne wieder in Nr. 5<\/p>\n<p>Liebe Gr\u00fcsse<br \/>\nBea<\/p>\n    <\/div>\r\n    <div class=\"guest-entry-date\"> July 10, 2023 <\/div>\r\n  <\/div>\r\n    <div class=\"guestbook-entry\">\r\n    <p class=\"guestTitle\">Bea Pfister <\/p>\r\n    <div class=\"guestTxt\">\r\n      <p>Ich war dieses Jahr um Pfingsten bereits mit meiner Schwester f\u00fcr total 3 N\u00e4chte im Hotel Ladina -in Zimmer Nr. 6. Die freundliche Bedienung, das vorz\u00fcgliche Essen und das kleine, famili\u00e4re Hotel haben uns sehr gefallen. So bin ich mit viel Vorfreude auf Ende Juni wiedergekommen und wurde auch diesmal nicht entt\u00e4uscht. Zimmer 7 war ideal f\u00fcr mich mit freier Sicht zum Bahnhof und auf die Baumallee, in welcher viele Vogelstimmen zu h\u00f6ren sind. Es war ein Doppelzimmer zur Alleinben\u00fctzung und war seinen Preis allemal wert. Die N\u00e4he zum Bahnhof ist f\u00fcr mich ideal, auch die allgemeine Zug\u00e4nglichkeit. Mehr zu meiner Meinung findet man bei MyHolidayCheck.<br \/>\nIch kann das Hotel Ladina allen empfehlen, die ein famili\u00e4res, kleines Hotel suchen, und die nicht auf Luxusferien aus sind, sondern das Nat\u00fcrliche, Echte sch\u00e4tzen. Auch wer gerne Regionale Spezialit\u00e4ten kennenlernt und allgemein frisch gekochtes Essen liebt, wird happy sein.<br \/>\nIch bedanke mich beim gesamten Team daf\u00fcr, dass ich mich auch als Alleinreisende im Hotel wohlgef\u00fchlt habe.<\/p>\n<p>Ich komme sicher wieder, vielleicht schon diesen Herbst nochmals<\/p>\n    <\/div>\r\n    <div class=\"guest-entry-date\"> July 10, 2023 <\/div>\r\n  <\/div>\r\n    <div class=\"guestbook-entry\">\r\n    <p class=\"guestTitle\">Heinz und Denise Tanner <\/p>\r\n    <div class=\"guestTxt\">\r\n      <p>Wir verbrachten einige Tage in Berg\u00fcn, um den Weltrekord-Zug zu sehen.<br \/>\nVom Balkon des Hotel Ladina aus, hatten wir eine freie Sicht auf den Zug.<br \/>\nDieses Ereignis lockte viele Besucher an, somit war das Restaurant sehr gut besucht.<br \/>\nTrotz diesem &#8220;Stress&#8221;, behielt das Personal den \u00dcberblick, blieb wie immer sehr freundlich und ab und zu war ein Lachen zu h\u00f6ren.<br \/>\nDanke an Kammila, John und das K\u00fcchen-Team, bis zum n\u00e4chsten Mal.<\/p>\n    <\/div>\r\n    <div class=\"guest-entry-date\"> March 21, 2023 <\/div>\r\n  <\/div>\r\n    <div class=\"guestbook-entry\">\r\n    <p class=\"guestTitle\">Tsch\u00fcmperlin <\/p>\r\n    <div class=\"guestTxt\">\r\n      <p>Wir kommen j\u00e4hrlich in Ihr Hotel und verbringen unser verl\u00e4ngertes Wochenende dort. Das Personal immer sehr freundlich und hilfsbereit. Das Essen ist top. Das Preis\/-Leistungsverh\u00e4ltnis stimmt. Die Zimmer sind zwar nicht topmodern, aber sie sind sauber und die Betten sind gut.<\/p>\n<p>Wir empfehlen Ihr Hotel definitiv weiter.<\/p>\n    <\/div>\r\n    <div class=\"guest-entry-date\"> March 21, 2023 <\/div>\r\n  <\/div>\r\n  <\/div>\r\n\n","protected":false},"excerpt":{"rendered":"<p>Guestbook Sign a guestbook<\/p>\n","protected":false},"author":5,"featured_media":0,"parent":0,"menu_order":0,"comment_status":"open","ping_status":"closed","template":"","meta":{"footnotes":""},"class_list":["post-237","page","type-page","status-publish","hentry"],"yoast_head":"<!-- This site is optimized with the Yoast SEO plugin v27.3 - https:\/\/yoast.com\/product\/yoast-seo-wordpress\/ -->\n<title>Guestbook | Hotelladina.ch<\/title>\n<meta name=\"robots\" content=\"index, follow, max-snippet:-1, max-image-preview:large, max-video-preview:-1\" \/>\n<link rel=\"canonical\" href=\"https:\/\/hotelladina.ch\/en\/guestbook\/\" \/>\n<meta property=\"og:locale\" content=\"en_US\" \/>\n<meta property=\"og:type\" content=\"article\" \/>\n<meta property=\"og:title\" content=\"Guestbook | Hotelladina.ch\" \/>\n<meta property=\"og:description\" content=\"Guestbook Sign a guestbook\" \/>\n<meta property=\"og:url\" content=\"https:\/\/hotelladina.ch\/en\/guestbook\/\" \/>\n<meta property=\"og:site_name\" content=\"Hotelladina.ch\" \/>\n<meta property=\"article:modified_time\" content=\"2021-02-09T14:29:29+00:00\" \/>\n<meta name=\"twitter:card\" content=\"summary_large_image\" \/>\n<script type=\"application\/ld+json\" class=\"yoast-schema-graph\">{\"@context\":\"https:\\\/\\\/schema.org\",\"@graph\":[{\"@type\":\"WebPage\",\"@id\":\"https:\\\/\\\/hotelladina.ch\\\/en\\\/guestbook\\\/\",\"url\":\"https:\\\/\\\/hotelladina.ch\\\/en\\\/guestbook\\\/\",\"name\":\"Guestbook | Hotelladina.ch\",\"isPartOf\":{\"@id\":\"https:\\\/\\\/hotelladina.ch\\\/#website\"},\"datePublished\":\"2015-04-09T17:53:51+00:00\",\"dateModified\":\"2021-02-09T14:29:29+00:00\",\"breadcrumb\":{\"@id\":\"https:\\\/\\\/hotelladina.ch\\\/en\\\/guestbook\\\/#breadcrumb\"},\"inLanguage\":\"en-US\",\"potentialAction\":[{\"@type\":\"ReadAction\",\"target\":[\"https:\\\/\\\/hotelladina.ch\\\/en\\\/guestbook\\\/\"]}]},{\"@type\":\"BreadcrumbList\",\"@id\":\"https:\\\/\\\/hotelladina.ch\\\/en\\\/guestbook\\\/#breadcrumb\",\"itemListElement\":[{\"@type\":\"ListItem\",\"position\":1,\"name\":\"Home\",\"item\":\"https:\\\/\\\/hotelladina.ch\\\/en\\\/\"},{\"@type\":\"ListItem\",\"position\":2,\"name\":\"Guestbook\"}]},{\"@type\":\"WebSite\",\"@id\":\"https:\\\/\\\/hotelladina.ch\\\/#website\",\"url\":\"https:\\\/\\\/hotelladina.ch\\\/\",\"name\":\"Hotelladina.ch\",\"description\":\"Traumhafte Ferien verbringen\",\"potentialAction\":[{\"@type\":\"SearchAction\",\"target\":{\"@type\":\"EntryPoint\",\"urlTemplate\":\"https:\\\/\\\/hotelladina.ch\\\/?s={search_term_string}\"},\"query-input\":{\"@type\":\"PropertyValueSpecification\",\"valueRequired\":true,\"valueName\":\"search_term_string\"}}],\"inLanguage\":\"en-US\"}]}<\/script>\n<!-- \/ Yoast SEO plugin. -->","yoast_head_json":{"title":"Guestbook | Hotelladina.ch","robots":{"index":"index","follow":"follow","max-snippet":"max-snippet:-1","max-image-preview":"max-image-preview:large","max-video-preview":"max-video-preview:-1"},"canonical":"https:\/\/hotelladina.ch\/en\/guestbook\/","og_locale":"en_US","og_type":"article","og_title":"Guestbook | Hotelladina.ch","og_description":"Guestbook Sign a guestbook","og_url":"https:\/\/hotelladina.ch\/en\/guestbook\/","og_site_name":"Hotelladina.ch","article_modified_time":"2021-02-09T14:29:29+00:00","twitter_card":"summary_large_image","schema":{"@context":"https:\/\/schema.org","@graph":[{"@type":"WebPage","@id":"https:\/\/hotelladina.ch\/en\/guestbook\/","url":"https:\/\/hotelladina.ch\/en\/guestbook\/","name":"Guestbook | Hotelladina.ch","isPartOf":{"@id":"https:\/\/hotelladina.ch\/#website"},"datePublished":"2015-04-09T17:53:51+00:00","dateModified":"2021-02-09T14:29:29+00:00","breadcrumb":{"@id":"https:\/\/hotelladina.ch\/en\/guestbook\/#breadcrumb"},"inLanguage":"en-US","potentialAction":[{"@type":"ReadAction","target":["https:\/\/hotelladina.ch\/en\/guestbook\/"]}]},{"@type":"BreadcrumbList","@id":"https:\/\/hotelladina.ch\/en\/guestbook\/#breadcrumb","itemListElement":[{"@type":"ListItem","position":1,"name":"Home","item":"https:\/\/hotelladina.ch\/en\/"},{"@type":"ListItem","position":2,"name":"Guestbook"}]},{"@type":"WebSite","@id":"https:\/\/hotelladina.ch\/#website","url":"https:\/\/hotelladina.ch\/","name":"Hotelladina.ch","description":"Traumhafte Ferien verbringen","potentialAction":[{"@type":"SearchAction","target":{"@type":"EntryPoint","urlTemplate":"https:\/\/hotelladina.ch\/?s={search_term_string}"},"query-input":{"@type":"PropertyValueSpecification","valueRequired":true,"valueName":"search_term_string"}}],"inLanguage":"en-US"}]}},"_links":{"self":[{"href":"https:\/\/hotelladina.ch\/en\/wp-json\/wp\/v2\/pages\/237","targetHints":{"allow":["GET"]}}],"collection":[{"href":"https:\/\/hotelladina.ch\/en\/wp-json\/wp\/v2\/pages"}],"about":[{"href":"https:\/\/hotelladina.ch\/en\/wp-json\/wp\/v2\/types\/page"}],"author":[{"embeddable":true,"href":"https:\/\/hotelladina.ch\/en\/wp-json\/wp\/v2\/users\/5"}],"replies":[{"embeddable":true,"href":"https:\/\/hotelladina.ch\/en\/wp-json\/wp\/v2\/comments?post=237"}],"version-history":[{"count":7,"href":"https:\/\/hotelladina.ch\/en\/wp-json\/wp\/v2\/pages\/237\/revisions"}],"predecessor-version":[{"id":1046,"href":"https:\/\/hotelladina.ch\/en\/wp-json\/wp\/v2\/pages\/237\/revisions\/1046"}],"wp:attachment":[{"href":"https:\/\/hotelladina.ch\/en\/wp-json\/wp\/v2\/media?parent=237"}],"curies":[{"name":"wp","href":"https:\/\/api.w.org\/{rel}","templated":true}]}}