{"id":215,"date":"2015-04-09T17:55:07","date_gmt":"2015-04-09T17:55:07","guid":{"rendered":"http:\/\/stagingwp.com\/hotelladina\/links-2\/"},"modified":"2021-02-09T14:15:05","modified_gmt":"2021-02-09T14:15:05","slug":"links","status":"publish","type":"page","link":"https:\/\/hotelladina.ch\/en\/links\/","title":{"rendered":"Links"},"content":{"rendered":"<div class=\"one_third flex_column first\">\n<div class=\"iconbox_content\">\n<header class=\"entry-content-header\">\n<div class=\"iconbox_icon heading-color icon-search\"><\/div>\n<h3 class=\"iconbox_content_title\">Informationen<\/h3>\n<\/header>\n<div class=\"iconbox_content_container\">\n<p><a href=\"http:\/\/www.berguen.ch\/\" target=\"_blank\" rel=\"noopener\"><b>Berg\u00fcn Tourismus<\/b><\/a><\/p>\n<p><a href=\"http:\/\/www.alvaneubad.ch\/\" target=\"_blank\" rel=\"noopener\"><b>Alvaneu Bad<\/b><\/a><\/p>\n<p><a href=\"http:\/\/mountain-tours.ch\/\" target=\"_blank\" rel=\"noopener\"><b>Mountain Tours Taxi und Bus<\/b><\/a><\/p>\n<p><a href=\"http:\/\/www.sac-davos.ch\/\" target=\"_blank\" rel=\"noopener\"><b>Keschh\u00fctte SAC<\/b><\/a><\/p>\n<p><a href=\"http:\/\/www.parc-ela.ch\/\" target=\"_blank\" rel=\"noopener\"><b>Parc Ela<\/b><\/a><\/p>\n<p><a href=\"http:\/\/www.rhb.ch\/UNESCO-Welterbe.1060.0.html\" target=\"_blank\" rel=\"noopener\"><b>Unesco RHB<\/b><\/a><\/p>\n<\/p><\/div>\n<\/p><\/div>\n<\/div>\n<div class=\"one_third flex_column\">\n<div class=\"iconbox_content\">\n<header class=\"entry-content-header\">\n<div class=\"iconbox_icon heading-color icon-address\"><\/div>\n<h3 class=\"iconbox_content_title\">Anreise<\/h3>\n<\/header>\n<div class=\"iconbox_content_container\">\n<p><a href=\"http:\/\/www.rhb.ch\/\" target=\"_blank\" rel=\"noopener\"><b>RhB<\/b><\/a><\/p>\n<p><a href=\"http:\/\/www.sbb.ch\/\" target=\"_blank\" rel=\"noopener\"><b>SBB<\/b><\/a><\/p>\n<\/p><\/div>\n<\/p><\/div>\n<\/div>\n<div class=\"one_third flex_column last\">\n<div class=\"iconbox_content\">\n<header class=\"entry-content-header\">\n<div class=\"iconbox_icon heading-color icon-users\"><\/div>\n<h3 class=\"iconbox_content_title\">Diverse Links<\/h3>\n<\/header>\n<div class=\"iconbox_content_container\">\n<p><a href=\"http:\/\/www.skateline.ch\/\" target=\"_blank\" rel=\"noopener\"><b>Skateline Albula<\/b><\/a><\/p>\n<p><a href=\"http:\/\/www.kunstwanderungen.ch\/\" target=\"_blank\" rel=\"noopener\"><b>Kunstwanderungen Berg\u00fcn<\/b><\/a><\/p>\n<p><a href=\"http:\/\/www.club-99.com\/\" target=\"_blank\" rel=\"noopener\"><b>Club 99 Schlittenvermietung<\/b><\/a><\/p>\n<\/p><\/div>\n<\/p><\/div>\n<\/div>\n","protected":false},"excerpt":{"rendered":"<p>Informationen Berg\u00fcn Tourismus Alvaneu Bad Mountain Tours Taxi und Bus Keschh\u00fctte SAC Parc Ela Unesco RHB Anreise RhB SBB Diverse Links Skateline Albula Kunstwanderungen Berg\u00fcn Club 99 Schlittenvermietung<\/p>\n","protected":false},"author":5,"featured_media":0,"parent":0,"menu_order":0,"comment_status":"open","ping_status":"open","template":"","meta":{"footnotes":""},"class_list":["post-215","page","type-page","status-publish","hentry"],"yoast_head":"<!-- This site is optimized with the Yoast SEO plugin v27.3 - https:\/\/yoast.com\/product\/yoast-seo-wordpress\/ -->\n<title>Links | Hotelladina.ch<\/title>\n<meta name=\"robots\" content=\"index, follow, max-snippet:-1, max-image-preview:large, max-video-preview:-1\" \/>\n<link rel=\"canonical\" href=\"https:\/\/hotelladina.ch\/en\/links\/\" \/>\n<meta property=\"og:locale\" content=\"en_US\" \/>\n<meta property=\"og:type\" content=\"article\" \/>\n<meta property=\"og:title\" content=\"Links | Hotelladina.ch\" \/>\n<meta property=\"og:description\" content=\"Informationen Berg\u00fcn Tourismus Alvaneu Bad Mountain Tours Taxi und Bus Keschh\u00fctte SAC Parc Ela Unesco RHB Anreise RhB SBB Diverse Links Skateline Albula Kunstwanderungen Berg\u00fcn Club 99 Schlittenvermietung\" \/>\n<meta property=\"og:url\" content=\"https:\/\/hotelladina.ch\/en\/links\/\" \/>\n<meta property=\"og:site_name\" content=\"Hotelladina.ch\" \/>\n<meta property=\"article:modified_time\" content=\"2021-02-09T14:15:05+00:00\" \/>\n<meta name=\"twitter:card\" content=\"summary_large_image\" \/>\n<script type=\"application\/ld+json\" class=\"yoast-schema-graph\">{\"@context\":\"https:\\\/\\\/schema.org\",\"@graph\":[{\"@type\":\"WebPage\",\"@id\":\"https:\\\/\\\/hotelladina.ch\\\/en\\\/links\\\/\",\"url\":\"https:\\\/\\\/hotelladina.ch\\\/en\\\/links\\\/\",\"name\":\"Links | Hotelladina.ch\",\"isPartOf\":{\"@id\":\"https:\\\/\\\/hotelladina.ch\\\/#website\"},\"datePublished\":\"2015-04-09T17:55:07+00:00\",\"dateModified\":\"2021-02-09T14:15:05+00:00\",\"breadcrumb\":{\"@id\":\"https:\\\/\\\/hotelladina.ch\\\/en\\\/links\\\/#breadcrumb\"},\"inLanguage\":\"en-US\",\"potentialAction\":[{\"@type\":\"ReadAction\",\"target\":[\"https:\\\/\\\/hotelladina.ch\\\/en\\\/links\\\/\"]}]},{\"@type\":\"BreadcrumbList\",\"@id\":\"https:\\\/\\\/hotelladina.ch\\\/en\\\/links\\\/#breadcrumb\",\"itemListElement\":[{\"@type\":\"ListItem\",\"position\":1,\"name\":\"Home\",\"item\":\"https:\\\/\\\/hotelladina.ch\\\/en\\\/\"},{\"@type\":\"ListItem\",\"position\":2,\"name\":\"Links\"}]},{\"@type\":\"WebSite\",\"@id\":\"https:\\\/\\\/hotelladina.ch\\\/#website\",\"url\":\"https:\\\/\\\/hotelladina.ch\\\/\",\"name\":\"Hotelladina.ch\",\"description\":\"Traumhafte Ferien verbringen\",\"potentialAction\":[{\"@type\":\"SearchAction\",\"target\":{\"@type\":\"EntryPoint\",\"urlTemplate\":\"https:\\\/\\\/hotelladina.ch\\\/?s={search_term_string}\"},\"query-input\":{\"@type\":\"PropertyValueSpecification\",\"valueRequired\":true,\"valueName\":\"search_term_string\"}}],\"inLanguage\":\"en-US\"}]}<\/script>\n<!-- \/ Yoast SEO plugin. -->","yoast_head_json":{"title":"Links | Hotelladina.ch","robots":{"index":"index","follow":"follow","max-snippet":"max-snippet:-1","max-image-preview":"max-image-preview:large","max-video-preview":"max-video-preview:-1"},"canonical":"https:\/\/hotelladina.ch\/en\/links\/","og_locale":"en_US","og_type":"article","og_title":"Links | Hotelladina.ch","og_description":"Informationen Berg\u00fcn Tourismus Alvaneu Bad Mountain Tours Taxi und Bus Keschh\u00fctte SAC Parc Ela Unesco RHB Anreise RhB SBB Diverse Links Skateline Albula Kunstwanderungen Berg\u00fcn Club 99 Schlittenvermietung","og_url":"https:\/\/hotelladina.ch\/en\/links\/","og_site_name":"Hotelladina.ch","article_modified_time":"2021-02-09T14:15:05+00:00","twitter_card":"summary_large_image","schema":{"@context":"https:\/\/schema.org","@graph":[{"@type":"WebPage","@id":"https:\/\/hotelladina.ch\/en\/links\/","url":"https:\/\/hotelladina.ch\/en\/links\/","name":"Links | Hotelladina.ch","isPartOf":{"@id":"https:\/\/hotelladina.ch\/#website"},"datePublished":"2015-04-09T17:55:07+00:00","dateModified":"2021-02-09T14:15:05+00:00","breadcrumb":{"@id":"https:\/\/hotelladina.ch\/en\/links\/#breadcrumb"},"inLanguage":"en-US","potentialAction":[{"@type":"ReadAction","target":["https:\/\/hotelladina.ch\/en\/links\/"]}]},{"@type":"BreadcrumbList","@id":"https:\/\/hotelladina.ch\/en\/links\/#breadcrumb","itemListElement":[{"@type":"ListItem","position":1,"name":"Home","item":"https:\/\/hotelladina.ch\/en\/"},{"@type":"ListItem","position":2,"name":"Links"}]},{"@type":"WebSite","@id":"https:\/\/hotelladina.ch\/#website","url":"https:\/\/hotelladina.ch\/","name":"Hotelladina.ch","description":"Traumhafte Ferien verbringen","potentialAction":[{"@type":"SearchAction","target":{"@type":"EntryPoint","urlTemplate":"https:\/\/hotelladina.ch\/?s={search_term_string}"},"query-input":{"@type":"PropertyValueSpecification","valueRequired":true,"valueName":"search_term_string"}}],"inLanguage":"en-US"}]}},"_links":{"self":[{"href":"https:\/\/hotelladina.ch\/en\/wp-json\/wp\/v2\/pages\/215","targetHints":{"allow":["GET"]}}],"collection":[{"href":"https:\/\/hotelladina.ch\/en\/wp-json\/wp\/v2\/pages"}],"about":[{"href":"https:\/\/hotelladina.ch\/en\/wp-json\/wp\/v2\/types\/page"}],"author":[{"embeddable":true,"href":"https:\/\/hotelladina.ch\/en\/wp-json\/wp\/v2\/users\/5"}],"replies":[{"embeddable":true,"href":"https:\/\/hotelladina.ch\/en\/wp-json\/wp\/v2\/comments?post=215"}],"version-history":[{"count":2,"href":"https:\/\/hotelladina.ch\/en\/wp-json\/wp\/v2\/pages\/215\/revisions"}],"predecessor-version":[{"id":1034,"href":"https:\/\/hotelladina.ch\/en\/wp-json\/wp\/v2\/pages\/215\/revisions\/1034"}],"wp:attachment":[{"href":"https:\/\/hotelladina.ch\/en\/wp-json\/wp\/v2\/media?parent=215"}],"curies":[{"name":"wp","href":"https:\/\/api.w.org\/{rel}","templated":true}]}}